{"id":5554,"date":"2022-10-26T17:07:45","date_gmt":"2022-10-26T17:07:45","guid":{"rendered":"https:\/\/centralvagas.com\/?page_id=5554"},"modified":"2022-10-26T17:19:07","modified_gmt":"2022-10-26T17:19:07","slug":"about","status":"publish","type":"page","link":"https:\/\/centralvagas.com\/en\/about\/","title":{"rendered":"On"},"content":{"rendered":"<!--advertisement--><div class=\"mx-5 sm:mx-0 sm:text-3xl text-2xl font-medium title-font mb-4 text-gray-900 text-left\">\n<h2 class=\"wp-block-heading\" id=\"h-o-que-voce-quer-aprender-hoje\">What do you want to learn today?<\/h2>\n<\/div><div class=\"mx-5 sm:mx-0 prose leading-relaxed text-lg mb-5 text-left wp-paragraph\">\n<p>At Central Vagas, we want to help you advance in different aspects of your life, from financial management, finding new job opportunities, to increasing your productivity. We believe that continuous improvement, combined with determination and persistence, are the secrets to success and a meaningful life. We do not believe in \u201cluck.\u201d<\/p>\n<\/div><!--advertisement--><div class=\"mx-5 sm:mx-0 sm:text-3xl text-2xl font-medium title-font mb-4 text-gray-900 text-left\">\n<h2 class=\"wp-block-heading\" id=\"h-quem-somos\">Who are we?<\/h2>\n<\/div><div class=\"mx-5 sm:mx-0 prose leading-relaxed text-lg mb-5 text-left wp-paragraph\">\n<p>Central Vagas is a content and education company. Our mission is to consistently deliver the best content on money, work, productivity and new technologies, no matter where you are. We want to be your partner in the search for self-development.<\/p>\n<\/div><!--advertisement--><div class=\"mx-5 sm:mx-0 sm:text-3xl text-2xl font-medium title-font mb-4 text-gray-900 text-left\">\n<h2 class=\"wp-block-heading\" id=\"h-nos-ajude-a-melhorar\">Help us improve<\/h2>\n<\/div><div class=\"mx-5 sm:mx-0 prose leading-relaxed text-lg mb-5 text-left wp-paragraph\">\n<p>Your ideas are very welcome.&nbsp;<a style=\" color:;\" href=\"https:\/\/centralvagas.com\/en\/\">Send us a message!<\/a><\/p>\n<\/div>","protected":false},"excerpt":{"rendered":"<p>What do you want to learn today? At Central Vagas, we want to help you advance in different aspects of your life, from financial management, finding new job opportunities to increasing your productivity. We believe that continuous improvement, combined with determination and persistence, are the secrets to success and a life with\u2026 <a class=\"more-link\" href=\"https:\/\/centralvagas.com\/en\/about\/\">Continue reading <span class=\"screen-reader-text\">On<\/span><\/a><\/p>","protected":false},"author":3,"featured_media":0,"parent":0,"menu_order":0,"comment_status":"closed","ping_status":"closed","template":"","meta":{"footnotes":""},"yoast_head":"<!-- This site is optimized with the Yoast SEO Premium plugin v18.7 (Yoast SEO v19.1) - https:\/\/yoast.com\/wordpress\/plugins\/seo\/ -->\n<title>Sobre - Central Vagas<\/title>\n<meta name=\"robots\" content=\"index, follow, max-snippet:-1, max-image-preview:large, max-video-preview:-1\" \/>\n<link rel=\"canonical\" href=\"https:\/\/centralvagas.com\/en\/about\/\" \/>\n<meta property=\"og:locale\" content=\"en_US\" \/>\n<meta property=\"og:type\" content=\"article\" \/>\n<meta property=\"og:title\" content=\"Sobre\" \/>\n<meta property=\"og:description\" content=\"O que voc\u00ea quer aprender hoje? No Central Vagas, queremos lhe ajudar a avan\u00e7ar em diferentes aspectos da sua vida, desde a gest\u00e3o financeira, encontrar novas oportunidades de trabalho at\u00e9 o aumento de sua produtividade. Acreditamos que a melhoria cont\u00ednua, aliado \u00e0 garra e persist\u00eancia, s\u00e3o os segredos do sucesso e de uma vida com&hellip; Continue reading Sobre\" \/>\n<meta property=\"og:url\" content=\"https:\/\/centralvagas.com\/en\/about\/\" \/>\n<meta property=\"og:site_name\" content=\"Central Vagas\" \/>\n<meta property=\"article:modified_time\" content=\"2022-10-26T17:19:07+00:00\" \/>\n<meta name=\"twitter:card\" content=\"summary_large_image\" \/>\n<meta name=\"twitter:label1\" content=\"Est. reading time\" \/>\n\t<meta name=\"twitter:data1\" content=\"1 minute\" \/>\n<script type=\"application\/ld+json\" class=\"yoast-schema-graph\">{\"@context\":\"https:\/\/schema.org\",\"@graph\":[{\"@type\":\"WebSite\",\"@id\":\"https:\/\/centralvagas.com\/#website\",\"url\":\"https:\/\/centralvagas.com\/\",\"name\":\"Central Vagas\",\"description\":\"Seu portal de oportunidades\",\"potentialAction\":[{\"@type\":\"SearchAction\",\"target\":{\"@type\":\"EntryPoint\",\"urlTemplate\":\"https:\/\/centralvagas.com\/?s={search_term_string}\"},\"query-input\":\"required name=search_term_string\"}],\"inLanguage\":\"en-US\"},{\"@type\":\"WebPage\",\"@id\":\"https:\/\/centralvagas.com\/about\/#webpage\",\"url\":\"https:\/\/centralvagas.com\/about\/\",\"name\":\"Sobre - Central Vagas\",\"isPartOf\":{\"@id\":\"https:\/\/centralvagas.com\/#website\"},\"datePublished\":\"2022-10-26T17:07:45+00:00\",\"dateModified\":\"2022-10-26T17:19:07+00:00\",\"breadcrumb\":{\"@id\":\"https:\/\/centralvagas.com\/about\/#breadcrumb\"},\"inLanguage\":\"en-US\",\"potentialAction\":[{\"@type\":\"ReadAction\",\"target\":[\"https:\/\/centralvagas.com\/about\/\"]}]},{\"@type\":\"BreadcrumbList\",\"@id\":\"https:\/\/centralvagas.com\/about\/#breadcrumb\",\"itemListElement\":[{\"@type\":\"ListItem\",\"position\":1,\"name\":\"Home\",\"item\":\"https:\/\/centralvagas.com\/\"},{\"@type\":\"ListItem\",\"position\":2,\"name\":\"Sobre\"}]}]}<\/script>\n<!-- \/ Yoast SEO Premium plugin. -->","yoast_head_json":{"title":"Sobre - Central Vagas","robots":{"index":"index","follow":"follow","max-snippet":"max-snippet:-1","max-image-preview":"max-image-preview:large","max-video-preview":"max-video-preview:-1"},"canonical":"https:\/\/centralvagas.com\/en\/about\/","og_locale":"en_US","og_type":"article","og_title":"Sobre","og_description":"O que voc\u00ea quer aprender hoje? No Central Vagas, queremos lhe ajudar a avan\u00e7ar em diferentes aspectos da sua vida, desde a gest\u00e3o financeira, encontrar novas oportunidades de trabalho at\u00e9 o aumento de sua produtividade. Acreditamos que a melhoria cont\u00ednua, aliado \u00e0 garra e persist\u00eancia, s\u00e3o os segredos do sucesso e de uma vida com&hellip; Continue reading Sobre","og_url":"https:\/\/centralvagas.com\/en\/about\/","og_site_name":"Central Vagas","article_modified_time":"2022-10-26T17:19:07+00:00","twitter_card":"summary_large_image","twitter_misc":{"Est. reading time":"1 minute"},"schema":{"@context":"https:\/\/schema.org","@graph":[{"@type":"WebSite","@id":"https:\/\/centralvagas.com\/#website","url":"https:\/\/centralvagas.com\/","name":"Central Vagas","description":"Seu portal de oportunidades","potentialAction":[{"@type":"SearchAction","target":{"@type":"EntryPoint","urlTemplate":"https:\/\/centralvagas.com\/?s={search_term_string}"},"query-input":"required name=search_term_string"}],"inLanguage":"en-US"},{"@type":"WebPage","@id":"https:\/\/centralvagas.com\/about\/#webpage","url":"https:\/\/centralvagas.com\/about\/","name":"Sobre - Central Vagas","isPartOf":{"@id":"https:\/\/centralvagas.com\/#website"},"datePublished":"2022-10-26T17:07:45+00:00","dateModified":"2022-10-26T17:19:07+00:00","breadcrumb":{"@id":"https:\/\/centralvagas.com\/about\/#breadcrumb"},"inLanguage":"en-US","potentialAction":[{"@type":"ReadAction","target":["https:\/\/centralvagas.com\/about\/"]}]},{"@type":"BreadcrumbList","@id":"https:\/\/centralvagas.com\/about\/#breadcrumb","itemListElement":[{"@type":"ListItem","position":1,"name":"Home","item":"https:\/\/centralvagas.com\/"},{"@type":"ListItem","position":2,"name":"Sobre"}]}]}},"_links":{"self":[{"href":"https:\/\/centralvagas.com\/en\/wp-json\/wp\/v2\/pages\/5554"}],"collection":[{"href":"https:\/\/centralvagas.com\/en\/wp-json\/wp\/v2\/pages"}],"about":[{"href":"https:\/\/centralvagas.com\/en\/wp-json\/wp\/v2\/types\/page"}],"author":[{"embeddable":true,"href":"https:\/\/centralvagas.com\/en\/wp-json\/wp\/v2\/users\/3"}],"replies":[{"embeddable":true,"href":"https:\/\/centralvagas.com\/en\/wp-json\/wp\/v2\/comments?post=5554"}],"version-history":[{"count":0,"href":"https:\/\/centralvagas.com\/en\/wp-json\/wp\/v2\/pages\/5554\/revisions"}],"wp:attachment":[{"href":"https:\/\/centralvagas.com\/en\/wp-json\/wp\/v2\/media?parent=5554"}],"curies":[{"name":"wp","href":"https:\/\/api.w.org\/{rel}","templated":true}]}}