{"id":4544,"date":"2021-10-22T19:23:22","date_gmt":"2021-10-22T22:23:22","guid":{"rendered":"https:\/\/centralvagas.com\/?page_id=4544"},"modified":"2025-04-07T13:16:13","modified_gmt":"2025-04-07T13:16:13","slug":"terms","status":"publish","type":"page","link":"https:\/\/centralvagas.com\/es\/terms\/","title":{"rendered":"Terminos de uso"},"content":{"rendered":"<div class=\"mx-5 sm:mx-0 prose leading-relaxed text-lg mb-5 text-left wp-paragraph\">\n<p>Actualizado el 10 de diciembre de 2024.<\/p>\n<\/div><div class=\"mx-5 sm:mx-0 prose leading-relaxed text-lg mb-5 text-left wp-paragraph\">\n<p>A <strong>NEOPUB O\u00dc<\/strong>, una sociedad de responsabilidad limitada (LLC, tambi\u00e9n conocida como O\u00dc) de Estonia, registrada con el n\u00famero <strong>16338675<\/strong> y con sede en Tallin, en Kotkapoja Street tn 2a-10, 10615, Tallin, Estonia, es la organizaci\u00f3n que cre\u00f3, posee y gestiona el sitio web Central Vacancies, accesible en <a style=\" color:;\" href=\"https:\/\/centralvagas.com\/es\/\">https:\/\/centralvagas.com\/<\/a>.<\/p>\n<\/div><div class=\"mx-5 sm:mx-0 prose leading-relaxed text-lg mb-5 text-left wp-paragraph\">\n<p>Este portal es operado por Central Vagas. Las expresiones &#039;nosotros&#039;, &#039;nuestro&#039; y &#039;nos&#039; en este documento se refieren exclusivamente a Central Vagas. El sitio web, que incluye toda su informaci\u00f3n, servicios y contenidos, es puesto a disposici\u00f3n por Central Vagas, bajo la condici\u00f3n de que los usuarios acepten todos los t\u00e9rminos, condiciones y pol\u00edticas aqu\u00ed establecidos. El uso de nuestros servicios implica navegar e interactuar con nuestro sitio web.<\/p>\n<\/div><div class=\"mx-5 sm:mx-0 prose leading-relaxed text-lg mb-5 text-left wp-paragraph\">\n<p>Central Vagas es reconocida por ser un sitio web especializado en la creaci\u00f3n de contenidos informativos y an\u00e1lisis de una amplia variedad de productos y servicios (incluyendo ofertas de empleo, tips sobre el mercado laboral, tecnolog\u00eda, entre otros), puestos a disposici\u00f3n por entidades nacionales e internacionales.<\/p>\n<\/div><div class=\"mx-5 sm:mx-0 prose leading-relaxed text-lg mb-5 text-left wp-paragraph\">\n<p>Es importante resaltar que el uso de este sitio web est\u00e1 sujeto a los presentes T\u00e9rminos, as\u00ed como a la Pol\u00edtica de Privacidad de Central Vagas, disponible en <a style=\" color:;\" href=\"https:\/\/centralvagas.com\/es\/privacy\/\">https:\/\/centralvagas.com\/privacy\/<\/a>y cumple con las leyes aplicables.<\/p>\n<\/div><div class=\"mx-5 sm:mx-0 prose leading-relaxed text-lg mb-5 text-left wp-paragraph\">\n<p>Los T\u00e9rminos y Condiciones Generales de Uso tienen como objetivo aclarar las responsabilidades, obligaciones y deberes de todo usuario que acceda y\/o utilice el sitio web de Central Vagas, tal y como se explica en los puntos siguientes.<\/p>\n<\/div><div class=\"mx-5 sm:mx-0 prose leading-relaxed text-lg mb-5 text-left wp-paragraph\">\n<p>Es fundamental leer atentamente nuestros T\u00e9rminos de Uso. Si no est\u00e1 de acuerdo con los t\u00e9rminos aqu\u00ed establecidos, le solicitamos que no utilice los servicios proporcionados por Central Vagas.<\/p>\n<\/div><!--advertisement--><div class=\"mx-5 sm:mx-0 sm:text-3xl text-2xl font-medium title-font mb-4 text-gray-900 text-left\">\n<h2 class=\"wp-block-heading\" id=\"h-secao-i-condicoes-de-acesso\">Secci\u00f3n I \u2013 Condiciones de Acceso<\/h2>\n<\/div><div class=\"mx-5 sm:mx-0 prose leading-relaxed text-lg mb-5 text-left wp-paragraph\">\n<p><strong>1.1 <\/strong>Al utilizar Central Vagas, el Usuario se compromete a seguir los T\u00e9rminos y Condiciones Generales de Uso, adem\u00e1s de la Pol\u00edtica de Privacidad de Central Vagas.<\/p>\n<\/div><div class=\"mx-5 sm:mx-0 prose leading-relaxed text-lg mb-5 text-left wp-paragraph\">\n<p><strong>1.2<\/strong> El Usuario, al acceder y\/o utilizar Central Vagas, declara tener al menos 18 a\u00f1os de edad y tener plena capacidad jur\u00eddica para aceptar los presentes T\u00e9rminos y Condiciones de Uso en todos los casos legales.<\/p>\n<\/div><div class=\"mx-5 sm:mx-0 prose leading-relaxed text-lg mb-5 text-left wp-paragraph\">\n<p><strong>1.3<\/strong> Si el Usuario no cumple con los criterios anteriores y\/o no est\u00e1 de acuerdo, total o parcialmente, con los t\u00e9rminos y condiciones de estos T\u00e9rminos y Condiciones de Uso, deber\u00e1 abstenerse de acceder y\/o utilizar los servicios ofrecidos por Central Vagas, as\u00ed como los sitios web y servicios gestionados por ella.<\/p>\n<\/div><!--advertisement--><div class=\"mx-5 sm:mx-0 sm:text-3xl text-2xl font-medium title-font mb-4 text-gray-900 text-left\">\n<h2 class=\"wp-block-heading\" id=\"h-secao-ii-suporte-e-contato\">Secci\u00f3n II \u2013 Soporte y Contacto<\/h2>\n<\/div><div class=\"mx-5 sm:mx-0 prose leading-relaxed text-lg mb-5 text-left wp-paragraph\">\n<p><strong>2.1 <\/strong>Para aclaraciones, resoluci\u00f3n de problemas, quejas o informaci\u00f3n sobre los productos\/servicios de Central Vagas, el Usuario puede contactar con nuestro servicio de soporte.<\/p>\n<\/div><div class=\"mx-5 sm:mx-0 prose leading-relaxed text-lg mb-5 text-left wp-paragraph\">\n<p><strong>2.2 <\/strong>El contacto se puede realizar por correo electr\u00f3nico. <a style=\" color:;\" href=\"mailto:dpo@centralvagas.com\">dpo@centralvagas.com<\/a> o utilizando el formulario en <a style=\" color:;\" href=\"https:\/\/centralvagas.com\/es\/contact\/\">https:\/\/centralvagas.com\/contact\/<\/a>.<\/p>\n<\/div><!--advertisement--><div class=\"mx-5 sm:mx-0 sm:text-3xl text-2xl font-medium title-font mb-4 text-gray-900 text-left\">\n<h2 class=\"wp-block-heading\" id=\"h-secao-iii-comprometimentos-das-partes\">Secci\u00f3n III \u2013 Compromisos de las Partes<\/h2>\n<\/div><div class=\"mx-5 sm:mx-0 prose leading-relaxed text-lg mb-5 text-left wp-paragraph\">\n<p><strong>3.1<\/strong> El Usuario, al acceder y utilizar los servicios y productos de Central Vagas, confirma haber le\u00eddo, entendido y aceptado lo dispuesto en este T\u00e9rmino, las Condiciones de Uso y la Pol\u00edtica de Privacidad.<\/p>\n<\/div><div class=\"mx-5 sm:mx-0 prose leading-relaxed text-lg mb-5 text-left wp-paragraph\">\n<p><strong>3.2 <\/strong>Central Vagas proporciona enlaces a sitios web de terceros, donde se pueden contratar directamente servicios y productos. Central Vagas no interviene en este proceso.<\/p>\n<\/div><div class=\"mx-5 sm:mx-0 prose leading-relaxed text-lg mb-5 text-left wp-paragraph\">\n<p><strong>3.3 <\/strong>El Usuario, al ser redirigido a un sitio web asociado, deber\u00e1 aceptar los t\u00e9rminos y pol\u00edticas de privacidad de la empresa en cuesti\u00f3n.<\/p>\n<\/div><div class=\"mx-5 sm:mx-0 prose leading-relaxed text-lg mb-5 text-left wp-paragraph\">\n<p><strong>3.4 <\/strong>Central Vagas no es responsable de pol\u00edticas, t\u00e9rminos de uso de terceros, informaci\u00f3n sobre servicios o productos, ni de acuerdos celebrados con estas empresas.<\/p>\n<\/div><div class=\"mx-5 sm:mx-0 prose leading-relaxed text-lg mb-5 text-left wp-paragraph\">\n<p><strong>3.5 <\/strong>Central Vagas no se hace responsable de los da\u00f1os causados por virus o malware adquiridos en Internet. Es recomendable mantener los sistemas de seguridad actualizados.<\/p>\n<\/div><div class=\"mx-5 sm:mx-0 prose leading-relaxed text-lg mb-5 text-left wp-paragraph\">\n<p><strong>3.6 <\/strong>Central Vagas no se hace responsable de p\u00e9rdidas por uso inadecuado del sitio web o por causas de fuerza mayor.<\/p>\n<\/div><div class=\"mx-5 sm:mx-0 prose leading-relaxed text-lg mb-5 text-left wp-paragraph\">\n<p><strong>3.7 <\/strong>Central Vagas no requiere dep\u00f3sitos ni transferencias para la aprobaci\u00f3n u otorgamiento de productos financieros.<\/p>\n<\/div><div class=\"mx-5 sm:mx-0 prose leading-relaxed text-lg mb-5 text-left wp-paragraph\">\n<p><strong>3.8 <\/strong>Central Vagas no solicita datos personales ni de registro, archivos adjuntos ejecutables ni enlaces de descarga v\u00eda correo electr\u00f3nico. Si recibe estas comunicaciones, inf\u00f3rmenos mediante el formulario en https:\/\/centralvagas.com\/contact\/.<\/p>\n<\/div><!--advertisement--><div class=\"mx-5 sm:mx-0 sm:text-3xl text-2xl font-medium title-font mb-4 text-gray-900 text-left\">\n<h2 class=\"wp-block-heading\" id=\"h-secao-iv-condicoes-de-uso-e-restricoes\">Secci\u00f3n IV \u2013 Condiciones de Uso y Restricciones<\/h2>\n<\/div><div class=\"mx-5 sm:mx-0 prose leading-relaxed text-lg mb-5 text-left wp-paragraph\">\n<p>Las restricciones sobre el uso de nuestro sitio web y contenido, dentro de los T\u00e9rminos de servicio, incluyen:<\/p>\n<\/div><div class=\"mx-5 sm:mx-0 prose text-left mb-5\">\n<ul><div class=\"mx-5 sm:mx-0 prose text-left mb-5\">\n<li>Prohibici\u00f3n de utilizar el sitio web para actividades il\u00edcitas o promoci\u00f3n de las mismas.<\/li>\n<\/div>\n\n<div class=\"mx-5 sm:mx-0 prose text-left mb-5\">\n<li>Ignorar las leyes o reglamentos de cualquier jurisdicci\u00f3n.<\/li>\n<\/div>\n\n<div class=\"mx-5 sm:mx-0 prose text-left mb-5\">\n<li>Violaci\u00f3n de los derechos de propiedad intelectual de Central Vagas o de terceros.<\/li>\n<\/div>\n\n<div class=\"mx-5 sm:mx-0 prose text-left mb-5\">\n<li>Pr\u00e1cticas de acoso, abuso, difamaci\u00f3n, intimidaci\u00f3n o discriminaci\u00f3n.<\/li>\n<\/div>\n\n<div class=\"mx-5 sm:mx-0 prose text-left mb-5\">\n<li>Divulgaci\u00f3n de informaci\u00f3n falsa o enga\u00f1osa.<\/li>\n<\/div>\n\n<div class=\"mx-5 sm:mx-0 prose text-left mb-5\">\n<li>Difundir virus o c\u00f3digos da\u00f1inos.<\/li>\n<\/div>\n\n<div class=\"mx-5 sm:mx-0 prose text-left mb-5\">\n<li>Recopilaci\u00f3n o seguimiento no autorizado de datos personales.<\/li>\n<\/div>\n\n<div class=\"mx-5 sm:mx-0 prose text-left mb-5\">\n<li>Pr\u00e1cticas de spam, phishing, pharm, pretext, spider, rastreo o scrape.<\/li>\n<\/div>\n\n<div class=\"mx-5 sm:mx-0 prose text-left mb-5\">\n<li>Uso del sitio web con fines obscenos o inmorales.<\/li>\n<\/div>\n\n<div class=\"mx-5 sm:mx-0 prose text-left mb-5\">\n<li>Interferencia con las medidas de seguridad del servicio o sitios web relacionados.<\/li>\n<\/div><\/ul>\n<\/div><div class=\"mx-5 sm:mx-0 prose leading-relaxed text-lg mb-5 text-left wp-paragraph\">\n<p><strong>Nos reservamos el derecho de cancelar o suspender el acceso a nuestros servicios y sitios web relacionados si viola estas restricciones.<\/strong><\/p>\n<\/div><!--advertisement--><div class=\"mx-5 sm:mx-0 sm:text-3xl text-2xl font-medium title-font mb-4 text-gray-900 text-left\">\n<h2 class=\"wp-block-heading\" id=\"h-secao-v-clausulas-de-responsabilidade-e-garantias\">Secci\u00f3n V \u2013 Cl\u00e1usulas de Responsabilidad y Garant\u00eda<\/h2>\n<\/div><div class=\"mx-5 sm:mx-0 prose leading-relaxed text-lg mb-5 text-left wp-paragraph\">\n<p>Reconocemos que el uso de nuestro servicio puede verse interrumpido y puede no ser completamente seguro o estar libre de errores. No garantizamos que los resultados obtenidos del servicio sean invariablemente precisos o confiables.<\/p>\n<\/div><div class=\"mx-5 sm:mx-0 prose leading-relaxed text-lg mb-5 text-left wp-paragraph\">\n<p>Ocasionalmente, el acceso al Servicio puede interrumpirse o cancelarse en cualquier momento sin previo aviso.<\/p>\n<\/div><div class=\"mx-5 sm:mx-0 prose leading-relaxed text-lg mb-5 text-left wp-paragraph\">\n<p>Usted acepta que es el \u00fanico responsable de su uso o imposibilidad de utilizar el Servicio. El Servicio se proporciona &quot;tal cual&quot; y &quot;seg\u00fan est\u00e9 disponible&quot; sin garant\u00edas de ning\u00fan tipo, ya sean expresas o impl\u00edcitas, incluidas, entre otras, garant\u00edas de comerciabilidad, idoneidad para un prop\u00f3sito particular o no infracci\u00f3n.<\/p>\n<\/div><div class=\"mx-5 sm:mx-0 prose leading-relaxed text-lg mb-5 text-left wp-paragraph\">\n<p>Central Vagas, sus directores, empleados o socios no ser\u00e1n responsables de ning\u00fan da\u00f1o, p\u00e9rdida o reclamo que surja del uso del servicio. Esto cubre, entre otros, p\u00e9rdida de ganancias, datos u otras p\u00e9rdidas intangibles, resultantes del uso de cualquier servicio o producto obtenido a trav\u00e9s del servicio, o cualquier otro reclamo relacionado con su uso.<\/p>\n<\/div><div class=\"mx-5 sm:mx-0 prose leading-relaxed text-lg mb-5 text-left wp-paragraph\">\n<p>Cuando no se permita la exclusi\u00f3n o limitaci\u00f3n de responsabilidad por da\u00f1os consecuentes o incidentales, nuestra responsabilidad se limitar\u00e1 al m\u00e1ximo permitido por la ley.<\/p>\n<\/div><!--advertisement--><div class=\"mx-5 sm:mx-0 sm:text-3xl text-2xl font-medium title-font mb-4 text-gray-900 text-left\">\n<h2 class=\"wp-block-heading\" id=\"h-secao-vi-vigor-e-prazos-decadenciais\">Secci\u00f3n VI \u2013 Vigencia y Plazos<\/h2>\n<\/div><div class=\"mx-5 sm:mx-0 prose leading-relaxed text-lg mb-5 text-left wp-paragraph\">\n<p>Estos T\u00e9rminos y Condiciones Generales de Uso tienen una vigencia indefinida. Cualquier acci\u00f3n legal o administrativa relacionada con el uso de Central Vagas, de conformidad con estos T\u00e9rminos o la Pol\u00edtica de Privacidad, deber\u00e1 iniciarse dentro de los 90 d\u00edas posteriores al hecho que dio origen a la queja.<\/p>\n<\/div><!--advertisement--><div class=\"mx-5 sm:mx-0 sm:text-3xl text-2xl font-medium title-font mb-4 text-gray-900 text-left\">\n<h2 class=\"wp-block-heading\" id=\"h-secao-vii-preceitos-legais-e-foro-acordado\">Secci\u00f3n VII - Preceptos Legales y Jurisdicci\u00f3n Acordada<\/h2>\n<\/div><div class=\"mx-5 sm:mx-0 prose leading-relaxed text-lg mb-5 text-left wp-paragraph\">\n<p><strong>7.1 <\/strong>Este T\u00e9rmino y las Condiciones Generales de Uso, junto con la Pol\u00edtica de Privacidad, se rigen por las leyes de la Rep\u00fablica Federativa de Brasil, abarcando la Constituci\u00f3n Federal, el C\u00f3digo Civil, el C\u00f3digo de Protecci\u00f3n al Consumidor, la Ley General del Marco Civil da Internet. y la Ley General de Protecci\u00f3n de Datos.<\/p>\n<\/div><div class=\"mx-5 sm:mx-0 prose leading-relaxed text-lg mb-5 text-left wp-paragraph\">\n<p><strong>7.2 <\/strong>Para cuestiones de interpretaci\u00f3n o cumplimiento de estos T\u00e9rminos y la Pol\u00edtica de Privacidad, las partes acuerdan someterse exclusivamente a la jurisdicci\u00f3n de la C\u00e1mara de Comercio de Tallin, Estonia (El Tribunal de Arbitraje de la C\u00e1mara de Comercio e Industria de Estonia), incluidas cualquier disputa o preguntas que surjan de estos T\u00e9rminos de uso.<\/p>\n<\/div><!--advertisement--><div class=\"mx-5 sm:mx-0 sm:text-3xl text-2xl font-medium title-font mb-4 text-gray-900 text-left\">\n<h2 class=\"wp-block-heading\" id=\"h-secao-viii-conteudo-digital-e-propriedade-intelectual\">Secci\u00f3n VIII \u2013 Contenidos Digitales y Propiedad Intelectual<\/h2>\n<\/div><div class=\"mx-5 sm:mx-0 prose leading-relaxed text-lg mb-5 text-left wp-paragraph\">\n<p><strong>8.1. Contenido y propiedad intelectual<\/strong><\/p>\n<\/div><div class=\"mx-5 sm:mx-0 prose leading-relaxed text-lg mb-5 text-left wp-paragraph\">\n<p>Todo el contenido del sitio web de Central Vagas, propiedad de NEOADTECH O\u00dc y sus socios, est\u00e1 protegido por las leyes de derechos de autor y propiedad intelectual. Cualquier reproducci\u00f3n, alteraci\u00f3n, distribuci\u00f3n, exhibici\u00f3n o creaci\u00f3n de trabajos derivados de este contenido sin el permiso expreso por escrito de NEOADTECH O\u00dc est\u00e1 estrictamente prohibida.<\/p>\n<\/div><div class=\"mx-5 sm:mx-0 prose leading-relaxed text-lg mb-5 text-left wp-paragraph\">\n<p><strong>8.2 Responsabilidad<\/strong><\/p>\n<\/div><div class=\"mx-5 sm:mx-0 prose leading-relaxed text-lg mb-5 text-left wp-paragraph\">\n<p>Central Vagas no asume ninguna responsabilidad por los contenidos generados por terceros, incluidos comentarios y publicaciones en foros o redes sociales. Asimismo, no es responsable de ning\u00fan da\u00f1o, ya sea directo, indirecto, incidental o consecuente, que surja del uso del sitio web.<\/p>\n<\/div><div class=\"mx-5 sm:mx-0 prose leading-relaxed text-lg mb-5 text-left wp-paragraph\">\n<p><strong>8.3 Infracciones<\/strong><\/p>\n<\/div><div class=\"mx-5 sm:mx-0 prose leading-relaxed text-lg mb-5 text-left wp-paragraph\">\n<p>Central Vagas se reserva el derecho de eliminar contenidos que violen estos t\u00e9rminos, especialmente aquellos que sean ilegales, ofensivos, difamatorios o que violen los derechos de terceros. NEOADTECH O\u00dc tambi\u00e9n se reserva el derecho de dar por terminado el acceso a los usuarios que incumplan las presentes condiciones.<\/p>\n<\/div><!--advertisement--><div class=\"mx-5 sm:mx-0 sm:text-3xl text-2xl font-medium title-font mb-4 text-gray-900 text-left\">\n<h2 class=\"wp-block-heading\" id=\"h-secao-ix-reformulacao-dos-termos-e-condicoes\">Secci\u00f3n IX \u2013 Reformulaci\u00f3n de T\u00e9rminos y Condiciones<\/h2>\n<\/div><div class=\"mx-5 sm:mx-0 prose leading-relaxed text-lg mb-5 text-left wp-paragraph\">\n<p>Central Vagas se reserva el derecho de modificar, suspender o terminar cualquier parte de sus servicios en cualquier momento, sin previo aviso. Los cambios de esta naturaleza no dar\u00e1n lugar a que Central Vagas sea responsable ante el usuario o terceros.<\/p>\n<\/div><div class=\"mx-5 sm:mx-0 prose leading-relaxed text-lg mb-5 text-left wp-paragraph\">\n<p><strong>El uso del sitio web de Central Vagas implica la aceptaci\u00f3n obligatoria y vinculante de los presentes T\u00e9rminos y Condiciones. Cualquier persona que no est\u00e9 de acuerdo con los T\u00e9rminos deber\u00e1 abstenerse de utilizar el sitio web.<\/strong><\/p>\n<\/div><!--advertisement--><div class=\"mx-5 sm:mx-0 sm:text-3xl text-2xl font-medium title-font mb-4 text-gray-900 text-left\">\n<h2 class=\"wp-block-heading\" id=\"h-secao-x-comunicacoes-por-sms\">Secci\u00f3n X \u2013 Comunicaciones SMS<\/h2>\n<\/div><div class=\"mx-5 sm:mx-0 prose leading-relaxed text-lg mb-5 text-left wp-paragraph\">\n<p>Al proporcionar su n\u00famero de tel\u00e9fono y aceptar recibir mensajes, usted da su consentimiento para recibir SMS de Central Vagas y sus marcas o empresas afiliadas. Estos mensajes pueden incluir contenido, ofertas y actualizaciones relacionadas con nuestros servicios o sitios web asociados operados por la misma entidad comercial. Pueden aplicarse tarifas est\u00e1ndar por mensajes y datos.<\/p>\n<\/div><div class=\"mx-5 sm:mx-0 prose leading-relaxed text-lg mb-5 text-left wp-paragraph\">\n<p>Puedes darte de baja en cualquier momento respondiendo con la palabra <strong>DETENER<\/strong> a cualquier mensaje.<\/p>\n<\/div><!--advertisement--><div class=\"mx-5 sm:mx-0 sm:text-3xl text-2xl font-medium title-font mb-4 text-gray-900 text-left\">\n<h2 class=\"wp-block-heading\" id=\"h-secao-xi-detalhes-para-contato\">Secci\u00f3n XI \u2013 Datos de contacto<\/h2>\n<\/div><div class=\"mx-5 sm:mx-0 prose leading-relaxed text-lg mb-5 text-left wp-paragraph\">\n<p>Para dudas o sugerencias sobre nuestros servicios, animamos al contacto directo con nuestro equipo. Por favor env\u00edenos un mensaje al correo electr\u00f3nico: <a style=\" color:;\" href=\"mailto:dpo@centralvagas.com\">dpo@centralvagas.com<\/a>.<\/p>\n<\/div>","protected":false},"excerpt":{"rendered":"<p>Actualizado el 10 de diciembre de 2024. NEOPUB O\u00dc, sociedad de responsabilidad limitada estonia (LLC, tambi\u00e9n conocida como O\u00dc), registrada con el n\u00famero 16338675 y con sede en Tallin, en Kotkapoja tn 2a-10, 10615, Tallin, Estonia, es la organizaci\u00f3n que cre\u00f3, posee y administra el sitio web Central Vagas, accesible en la direcci\u00f3n\u2026 <a class=\"more-link\" href=\"https:\/\/centralvagas.com\/es\/terms\/\">sigue leyendo <span class=\"screen-reader-text\">Terminos de uso<\/span><\/a><\/p>","protected":false},"author":3,"featured_media":0,"parent":0,"menu_order":0,"comment_status":"closed","ping_status":"closed","template":"","meta":{"footnotes":""},"yoast_head":"<!-- This site is optimized with the Yoast SEO Premium plugin v18.7 (Yoast SEO v19.1) - https:\/\/yoast.com\/wordpress\/plugins\/seo\/ -->\n<title>Termos de Uso - Central Vagas<\/title>\n<meta name=\"robots\" content=\"index, follow, max-snippet:-1, max-image-preview:large, max-video-preview:-1\" \/>\n<link rel=\"canonical\" href=\"https:\/\/centralvagas.com\/es\/terms\/\" \/>\n<meta property=\"og:locale\" content=\"es_ES\" \/>\n<meta property=\"og:type\" content=\"article\" \/>\n<meta property=\"og:title\" content=\"Termos de Uso\" \/>\n<meta property=\"og:description\" content=\"Atualizado em 10 de Dezembro de 2024. A NEOPUB O\u00dc, uma empresa de responsabilidade limitada constitu\u00edda na Est\u00f4nia (LLC, tamb\u00e9m conhecida por O\u00dc), registrada sob o n\u00famero 16338675 e sediada em Tallinn, na Rua Kotkapoja tn 2a-10, 10615, Tallin, Estonia, \u00e9 a organiza\u00e7\u00e3o que criou, det\u00e9m e administra o website Central Vagas, acess\u00edvel no endere\u00e7o&hellip; Continue reading Termos de Uso\" \/>\n<meta property=\"og:url\" content=\"https:\/\/centralvagas.com\/es\/terms\/\" \/>\n<meta property=\"og:site_name\" content=\"Central Vagas\" \/>\n<meta property=\"article:modified_time\" content=\"2025-04-07T13:16:13+00:00\" \/>\n<meta name=\"twitter:card\" content=\"summary_large_image\" \/>\n<meta name=\"twitter:label1\" content=\"Est. reading time\" \/>\n\t<meta name=\"twitter:data1\" content=\"8 minutos\" \/>\n<script type=\"application\/ld+json\" class=\"yoast-schema-graph\">{\"@context\":\"https:\/\/schema.org\",\"@graph\":[{\"@type\":\"WebSite\",\"@id\":\"https:\/\/centralvagas.com\/#website\",\"url\":\"https:\/\/centralvagas.com\/\",\"name\":\"Central Vagas\",\"description\":\"Seu portal de oportunidades\",\"potentialAction\":[{\"@type\":\"SearchAction\",\"target\":{\"@type\":\"EntryPoint\",\"urlTemplate\":\"https:\/\/centralvagas.com\/?s={search_term_string}\"},\"query-input\":\"required name=search_term_string\"}],\"inLanguage\":\"es\"},{\"@type\":\"WebPage\",\"@id\":\"https:\/\/centralvagas.com\/terms\/#webpage\",\"url\":\"https:\/\/centralvagas.com\/terms\/\",\"name\":\"Termos de Uso - Central Vagas\",\"isPartOf\":{\"@id\":\"https:\/\/centralvagas.com\/#website\"},\"datePublished\":\"2021-10-22T22:23:22+00:00\",\"dateModified\":\"2025-04-07T13:16:13+00:00\",\"breadcrumb\":{\"@id\":\"https:\/\/centralvagas.com\/terms\/#breadcrumb\"},\"inLanguage\":\"es\",\"potentialAction\":[{\"@type\":\"ReadAction\",\"target\":[\"https:\/\/centralvagas.com\/terms\/\"]}]},{\"@type\":\"BreadcrumbList\",\"@id\":\"https:\/\/centralvagas.com\/terms\/#breadcrumb\",\"itemListElement\":[{\"@type\":\"ListItem\",\"position\":1,\"name\":\"Home\",\"item\":\"https:\/\/centralvagas.com\/\"},{\"@type\":\"ListItem\",\"position\":2,\"name\":\"Termos de Uso\"}]}]}<\/script>\n<!-- \/ Yoast SEO Premium plugin. -->","yoast_head_json":{"title":"Termos de Uso - Central Vagas","robots":{"index":"index","follow":"follow","max-snippet":"max-snippet:-1","max-image-preview":"max-image-preview:large","max-video-preview":"max-video-preview:-1"},"canonical":"https:\/\/centralvagas.com\/es\/terms\/","og_locale":"es_ES","og_type":"article","og_title":"Termos de Uso","og_description":"Atualizado em 10 de Dezembro de 2024. A NEOPUB O\u00dc, uma empresa de responsabilidade limitada constitu\u00edda na Est\u00f4nia (LLC, tamb\u00e9m conhecida por O\u00dc), registrada sob o n\u00famero 16338675 e sediada em Tallinn, na Rua Kotkapoja tn 2a-10, 10615, Tallin, Estonia, \u00e9 a organiza\u00e7\u00e3o que criou, det\u00e9m e administra o website Central Vagas, acess\u00edvel no endere\u00e7o&hellip; Continue reading Termos de Uso","og_url":"https:\/\/centralvagas.com\/es\/terms\/","og_site_name":"Central Vagas","article_modified_time":"2025-04-07T13:16:13+00:00","twitter_card":"summary_large_image","twitter_misc":{"Est. reading time":"8 minutos"},"schema":{"@context":"https:\/\/schema.org","@graph":[{"@type":"WebSite","@id":"https:\/\/centralvagas.com\/#website","url":"https:\/\/centralvagas.com\/","name":"Central Vagas","description":"Seu portal de oportunidades","potentialAction":[{"@type":"SearchAction","target":{"@type":"EntryPoint","urlTemplate":"https:\/\/centralvagas.com\/?s={search_term_string}"},"query-input":"required name=search_term_string"}],"inLanguage":"es"},{"@type":"WebPage","@id":"https:\/\/centralvagas.com\/terms\/#webpage","url":"https:\/\/centralvagas.com\/terms\/","name":"Termos de Uso - Central Vagas","isPartOf":{"@id":"https:\/\/centralvagas.com\/#website"},"datePublished":"2021-10-22T22:23:22+00:00","dateModified":"2025-04-07T13:16:13+00:00","breadcrumb":{"@id":"https:\/\/centralvagas.com\/terms\/#breadcrumb"},"inLanguage":"es","potentialAction":[{"@type":"ReadAction","target":["https:\/\/centralvagas.com\/terms\/"]}]},{"@type":"BreadcrumbList","@id":"https:\/\/centralvagas.com\/terms\/#breadcrumb","itemListElement":[{"@type":"ListItem","position":1,"name":"Home","item":"https:\/\/centralvagas.com\/"},{"@type":"ListItem","position":2,"name":"Termos de Uso"}]}]}},"_links":{"self":[{"href":"https:\/\/centralvagas.com\/es\/wp-json\/wp\/v2\/pages\/4544"}],"collection":[{"href":"https:\/\/centralvagas.com\/es\/wp-json\/wp\/v2\/pages"}],"about":[{"href":"https:\/\/centralvagas.com\/es\/wp-json\/wp\/v2\/types\/page"}],"author":[{"embeddable":true,"href":"https:\/\/centralvagas.com\/es\/wp-json\/wp\/v2\/users\/3"}],"replies":[{"embeddable":true,"href":"https:\/\/centralvagas.com\/es\/wp-json\/wp\/v2\/comments?post=4544"}],"version-history":[{"count":0,"href":"https:\/\/centralvagas.com\/es\/wp-json\/wp\/v2\/pages\/4544\/revisions"}],"wp:attachment":[{"href":"https:\/\/centralvagas.com\/es\/wp-json\/wp\/v2\/media?parent=4544"}],"curies":[{"name":"wp","href":"https:\/\/api.w.org\/{rel}","templated":true}]}}